{"id":3,"date":"2025-09-22T12:17:21","date_gmt":"2025-09-22T12:17:21","guid":{"rendered":"https:\/\/horsefind.be\/?page_id=3"},"modified":"2025-10-02T10:21:09","modified_gmt":"2025-10-02T10:21:09","slug":"privacy-policy","status":"publish","type":"page","link":"https:\/\/horsefind.be\/en\/privacy-policy\/","title":{"rendered":"Privacy policy"},"content":{"rendered":"<div data-elementor-type=\"wp-page\" data-elementor-id=\"3\" class=\"elementor elementor-3\" data-elementor-post-type=\"page\">\n\t\t\t\t<div class=\"elementor-element elementor-element-6c70cbe4 e-flex e-con-boxed e-con e-parent\" data-id=\"6c70cbe4\" data-element_type=\"container\" data-e-type=\"container\">\n\t\t\t\t\t<div class=\"e-con-inner\">\n\t\t\t\t<div class=\"elementor-element elementor-element-8b72d51 elementor-widget elementor-widget-heading\" data-id=\"8b72d51\" data-element_type=\"widget\" data-e-type=\"widget\" data-widget_type=\"heading.default\">\n\t\t\t\t\t<h2 class=\"elementor-heading-title elementor-size-default\">Legal information<\/h2>\t\t\t\t<\/div>\n\t\t\t\t<div class=\"elementor-element elementor-element-1623a3be elementor-widget elementor-widget-text-editor\" data-id=\"1623a3be\" data-element_type=\"widget\" data-e-type=\"widget\" data-widget_type=\"text-editor.default\">\n\t\t\t\t\t\t\t\t\t<p><strong>Identity<\/strong><\/p>\n<p>The website\u00a0<strong>HORSEFiND.be <\/strong>(hereinafter referred to as the \"Site\") is operated by HORSEFIND, whose registered office is at Rue Kwade 26, 7850 Enghien, Belgium, registered in the Trade Register under number BE 0834 696 282.<\/p>\n<p>Legal representative: Yannah Decleir<\/p>\n<p>Intra-Community VAT number: BE 0834 696 282<\/p>\n<p><b>Contact<\/b><\/p>\n<p>Our customer relations department can be reached via our contact form or directly by e-mail at <a href=\"mailto:info@horsefind.be\">info@horsefind.be<\/a><\/p>\n<p><b>Host<\/b><\/p>\n<p>The site is hosted by :<\/p>\n<p><a href=\"https:\/\/websilver.be\">WEBSILVER<\/a> - Beyond Dreams SRL company entity<\/p>\t\t\t\t\t\t\t\t<\/div>\n\t\t\t\t<div class=\"elementor-element elementor-element-7c7e538 elementor-widget elementor-widget-heading\" data-id=\"7c7e538\" data-element_type=\"widget\" data-e-type=\"widget\" data-widget_type=\"heading.default\">\n\t\t\t\t\t<h2 class=\"elementor-heading-title elementor-size-default\">Privacy policy<\/h2>\t\t\t\t<\/div>\n\t\t\t\t<div class=\"elementor-element elementor-element-1d59949 elementor-widget elementor-widget-text-editor\" data-id=\"1d59949\" data-element_type=\"widget\" data-e-type=\"widget\" data-widget_type=\"text-editor.default\">\n\t\t\t\t\t\t\t\t\t<p>This data protection policy applies to all services provided by HORSEFiND, whose registered office is at Rue Kwade 26, 7850 Enghien, Belgium; this policy tells you how your personal data will be processed by HORSEFiND.<\/p>\n<p>The processing operations are subject to Belgian law on the protection of personal data, namely, among other things, the Law of 30 July 2018 on the protection of individuals with regard to the processing of personal data, and Regulation (EU) 2016\/679 of the European Parliament and of the Council of 27 April 2016 on the protection of individuals with regard to the processing of personal data and on the free movement of such data (or \"GDPR\").<\/p>\n<p><b><u>Purpose of processing<\/u><\/b><\/p>\n<p>1.HORSEFiND has a website which presents its activities as a service provider.<\/p>\n<p>This site uses an online contact form to receive requests from Internet users, and the data collected in this way is recorded in a file of prospective customers.<\/p>\n<p>This file enables :<\/p>\n<p>Responding to requests for information posted on the website.<br \/>To send advertisements by e-mail or post to prospective customers who have not objected to them about products and\/or services marketed by our company.<br \/>2. HORSEFiND maintains a Customer file for the purpose of managing offers, contracts (including the performance of such contracts) with Customers.<\/p>\n<p><b><u>Legal basis for processing<\/u><\/b><\/p>\n<p>- Issuing quotations, offers and managing contracts: the legal basis for processing is the performance of contracts and pre-contractual measures (Cf. article 6.1.b of the RGPD).<\/p>\n<p>- The legal basis for processing is the company's legitimate interest (Cf. article 6.1.f) of the RGPD), i.e. to promote our products and services and attract new customers.<\/p>\n<p><u><b>Data categories<\/b><\/u><\/p>\n<p>- Identity: title, surname, first name, e-mail address, address, telephone number.<\/p>\n<p>- Data relating to commercial offers and contracts<\/p>\n<p><b><u>Data recipients<\/u><\/b><\/p>\n<p>HORSEFiND staff and certain subcontractors (secretaries, graphic designers, project managers, web managers, etc.) are recipients of all or some of the categories of data.<\/p>\n<p><b><u>Data retention period<\/u><\/b><\/p>\n<p>- Data required to issue quotations: two (2) years if the quotation is not followed up; if the quotation results in an order, the data is transferred to our company's customer file.<\/p>\n<p>- Data required to carry out commercial prospecting operations with our prospective customers: three (3) years from the date of collection of the data or the last contact from the prospective customer.<\/p>\n<p>- Data concerning opt-out lists: three (3) years.<\/p>\n<p><b><u>Your rights<\/u><\/b><\/p>\n<p>If you no longer wish to receive advertising from HORSEFiND (exercise your right to object), please contact us using the details below.<\/p>\n<p>You may access, rectify or delete your personal data in accordance with the law. You also have the right to portability and the right to limit the processing of your data (see the website\u00a0<a href=\"https:\/\/autoriteprotectiondonnees.be\/\" target=\"_blank\" rel=\"noopener\">autoriteprotectiondonnees.be<\/a>\u00a0for more information on your rights).<\/p>\n<p>To exercise these rights or if you have any questions about the processing of your data under this scheme, please contact us at :<\/p>\n<p>- Electronically:\u00a0<\/p>\n<p><a href=\"mailto:info@horsefind.be\">info@horsefind.be<\/a><\/p>\n<p>- By post:<\/p>\n<p>HORSEFiND<\/p>\n<p>Rue Kwade 26<\/p>\n<p>7850 Enghien<\/p>\n<p>Belgium<\/p>\n<p>If, after contacting HORSEFiND, you believe that your rights with regard to the protection of your personal data have not been respected, you may lodge a complaint online with the Data Protection Authority.<\/p>\t\t\t\t\t\t\t\t<\/div>\n\t\t\t\t\t<\/div>\n\t\t\t\t<\/div>\n\t\t\t\t<\/div>","protected":false},"excerpt":{"rendered":"<p>Mentions L\u00e9gales Identit\u00e9 Le site\u00a0HORSEFiND.be (ci-apr\u00e8s d\u00e9nomm\u00e9 le \u201csite\u201d) est exploit\u00e9 par HORSEFIND dont le si\u00e8ge social est situ\u00e9 Rue Kwade 26 \u00e0 7850 Enghien, Belgique immatricul\u00e9e au registre du commerce sous le num\u00e9ro BE 0834 696 282 Repr\u00e9sentant l\u00e9gal : Yannah Decleir Num\u00e9ro de T.V.A intra communautaire : BE 0834 696 282 Contact Notre [&hellip;]<\/p>","protected":false},"author":1,"featured_media":0,"parent":0,"menu_order":0,"comment_status":"closed","ping_status":"open","template":"","meta":{"footnotes":""},"class_list":["post-3","page","type-page","status-publish","hentry"],"yoast_head":"<!-- This site is optimized with the Yoast SEO plugin v27.0 - https:\/\/yoast.com\/product\/yoast-seo-wordpress\/ -->\n<title>Politique de confidentialit\u00e9 - HORSEFiND<\/title>\n<meta name=\"robots\" content=\"index, follow, max-snippet:-1, max-image-preview:large, max-video-preview:-1\" \/>\n<link rel=\"canonical\" href=\"https:\/\/horsefind.be\/en\/privacy-policy\/\" \/>\n<meta property=\"og:locale\" content=\"en_GB\" \/>\n<meta property=\"og:type\" content=\"article\" \/>\n<meta property=\"og:title\" content=\"Politique de confidentialit\u00e9 - HORSEFiND\" \/>\n<meta property=\"og:description\" content=\"Mentions L\u00e9gales Identit\u00e9 Le site\u00a0HORSEFiND.be (ci-apr\u00e8s d\u00e9nomm\u00e9 le \u201csite\u201d) est exploit\u00e9 par HORSEFIND dont le si\u00e8ge social est situ\u00e9 Rue Kwade 26 \u00e0 7850 Enghien, Belgique immatricul\u00e9e au registre du commerce sous le num\u00e9ro BE 0834 696 282 Repr\u00e9sentant l\u00e9gal : Yannah Decleir Num\u00e9ro de T.V.A intra communautaire : BE 0834 696 282 Contact Notre [&hellip;]\" \/>\n<meta property=\"og:url\" content=\"https:\/\/horsefind.be\/en\/privacy-policy\/\" \/>\n<meta property=\"og:site_name\" content=\"HORSEFiND\" \/>\n<meta property=\"article:publisher\" content=\"https:\/\/www.facebook.com\/horsefind\" \/>\n<meta property=\"article:modified_time\" content=\"2025-10-02T10:21:09+00:00\" \/>\n<meta name=\"twitter:card\" content=\"summary_large_image\" \/>\n<meta name=\"twitter:label1\" content=\"Estimated reading time\" \/>\n\t<meta name=\"twitter:data1\" content=\"4 minutes\" \/>\n<script type=\"application\/ld+json\" class=\"yoast-schema-graph\">{\"@context\":\"https:\/\/schema.org\",\"@graph\":[{\"@type\":\"WebPage\",\"@id\":\"https:\/\/horsefind.be\/privacy-policy\/\",\"url\":\"https:\/\/horsefind.be\/privacy-policy\/\",\"name\":\"Politique de confidentialit\u00e9 - HORSEFiND\",\"isPartOf\":{\"@id\":\"https:\/\/horsefind.be\/#website\"},\"datePublished\":\"2025-09-22T12:17:21+00:00\",\"dateModified\":\"2025-10-02T10:21:09+00:00\",\"breadcrumb\":{\"@id\":\"https:\/\/horsefind.be\/privacy-policy\/#breadcrumb\"},\"inLanguage\":\"en-GB\",\"potentialAction\":[{\"@type\":\"ReadAction\",\"target\":[\"https:\/\/horsefind.be\/privacy-policy\/\"]}]},{\"@type\":\"BreadcrumbList\",\"@id\":\"https:\/\/horsefind.be\/privacy-policy\/#breadcrumb\",\"itemListElement\":[{\"@type\":\"ListItem\",\"position\":1,\"name\":\"Accueil\",\"item\":\"https:\/\/horsefind.be\/\"},{\"@type\":\"ListItem\",\"position\":2,\"name\":\"Politique de confidentialit\u00e9\"}]},{\"@type\":\"WebSite\",\"@id\":\"https:\/\/horsefind.be\/#website\",\"url\":\"https:\/\/horsefind.be\/\",\"name\":\"HORSEFiND\",\"description\":\"Tout pour les chevaux, avec le petit point sur le i\",\"publisher\":{\"@id\":\"https:\/\/horsefind.be\/#organization\"},\"potentialAction\":[{\"@type\":\"SearchAction\",\"target\":{\"@type\":\"EntryPoint\",\"urlTemplate\":\"https:\/\/horsefind.be\/?s={search_term_string}\"},\"query-input\":{\"@type\":\"PropertyValueSpecification\",\"valueRequired\":true,\"valueName\":\"search_term_string\"}}],\"inLanguage\":\"en-GB\"},{\"@type\":\"Organization\",\"@id\":\"https:\/\/horsefind.be\/#organization\",\"name\":\"HORSEFiND\",\"url\":\"https:\/\/horsefind.be\/\",\"logo\":{\"@type\":\"ImageObject\",\"inLanguage\":\"en-GB\",\"@id\":\"https:\/\/horsefind.be\/#\/schema\/logo\/image\/\",\"url\":\"https:\/\/horsefind.be\/wp-content\/uploads\/2025\/09\/cropped-Logo-Nieuw.png\",\"contentUrl\":\"https:\/\/horsefind.be\/wp-content\/uploads\/2025\/09\/cropped-Logo-Nieuw.png\",\"width\":778,\"height\":774,\"caption\":\"HORSEFiND\"},\"image\":{\"@id\":\"https:\/\/horsefind.be\/#\/schema\/logo\/image\/\"},\"sameAs\":[\"https:\/\/www.facebook.com\/horsefind\",\"https:\/\/www.instagram.com\/horsefind\"]}]}<\/script>\n<!-- \/ Yoast SEO plugin. -->","yoast_head_json":{"title":"Politique de confidentialit\u00e9 - HORSEFiND","robots":{"index":"index","follow":"follow","max-snippet":"max-snippet:-1","max-image-preview":"max-image-preview:large","max-video-preview":"max-video-preview:-1"},"canonical":"https:\/\/horsefind.be\/en\/privacy-policy\/","og_locale":"en_GB","og_type":"article","og_title":"Politique de confidentialit\u00e9 - HORSEFiND","og_description":"Mentions L\u00e9gales Identit\u00e9 Le site\u00a0HORSEFiND.be (ci-apr\u00e8s d\u00e9nomm\u00e9 le \u201csite\u201d) est exploit\u00e9 par HORSEFIND dont le si\u00e8ge social est situ\u00e9 Rue Kwade 26 \u00e0 7850 Enghien, Belgique immatricul\u00e9e au registre du commerce sous le num\u00e9ro BE 0834 696 282 Repr\u00e9sentant l\u00e9gal : Yannah Decleir Num\u00e9ro de T.V.A intra communautaire : BE 0834 696 282 Contact Notre [&hellip;]","og_url":"https:\/\/horsefind.be\/en\/privacy-policy\/","og_site_name":"HORSEFiND","article_publisher":"https:\/\/www.facebook.com\/horsefind","article_modified_time":"2025-10-02T10:21:09+00:00","twitter_card":"summary_large_image","twitter_misc":{"Estimated reading time":"4 minutes"},"schema":{"@context":"https:\/\/schema.org","@graph":[{"@type":"WebPage","@id":"https:\/\/horsefind.be\/privacy-policy\/","url":"https:\/\/horsefind.be\/privacy-policy\/","name":"Politique de confidentialit\u00e9 - HORSEFiND","isPartOf":{"@id":"https:\/\/horsefind.be\/#website"},"datePublished":"2025-09-22T12:17:21+00:00","dateModified":"2025-10-02T10:21:09+00:00","breadcrumb":{"@id":"https:\/\/horsefind.be\/privacy-policy\/#breadcrumb"},"inLanguage":"en-GB","potentialAction":[{"@type":"ReadAction","target":["https:\/\/horsefind.be\/privacy-policy\/"]}]},{"@type":"BreadcrumbList","@id":"https:\/\/horsefind.be\/privacy-policy\/#breadcrumb","itemListElement":[{"@type":"ListItem","position":1,"name":"Accueil","item":"https:\/\/horsefind.be\/"},{"@type":"ListItem","position":2,"name":"Politique de confidentialit\u00e9"}]},{"@type":"WebSite","@id":"https:\/\/horsefind.be\/#website","url":"https:\/\/horsefind.be\/","name":"HORSEFiND","description":"Everything for horses, with the small dot over the i","publisher":{"@id":"https:\/\/horsefind.be\/#organization"},"potentialAction":[{"@type":"SearchAction","target":{"@type":"EntryPoint","urlTemplate":"https:\/\/horsefind.be\/?s={search_term_string}"},"query-input":{"@type":"PropertyValueSpecification","valueRequired":true,"valueName":"search_term_string"}}],"inLanguage":"en-GB"},{"@type":"Organization","@id":"https:\/\/horsefind.be\/#organization","name":"HORSEFiND","url":"https:\/\/horsefind.be\/","logo":{"@type":"ImageObject","inLanguage":"en-GB","@id":"https:\/\/horsefind.be\/#\/schema\/logo\/image\/","url":"https:\/\/horsefind.be\/wp-content\/uploads\/2025\/09\/cropped-Logo-Nieuw.png","contentUrl":"https:\/\/horsefind.be\/wp-content\/uploads\/2025\/09\/cropped-Logo-Nieuw.png","width":778,"height":774,"caption":"HORSEFiND"},"image":{"@id":"https:\/\/horsefind.be\/#\/schema\/logo\/image\/"},"sameAs":["https:\/\/www.facebook.com\/horsefind","https:\/\/www.instagram.com\/horsefind"]}]}},"_links":{"self":[{"href":"https:\/\/horsefind.be\/en\/wp-json\/wp\/v2\/pages\/3","targetHints":{"allow":["GET"]}}],"collection":[{"href":"https:\/\/horsefind.be\/en\/wp-json\/wp\/v2\/pages"}],"about":[{"href":"https:\/\/horsefind.be\/en\/wp-json\/wp\/v2\/types\/page"}],"author":[{"embeddable":true,"href":"https:\/\/horsefind.be\/en\/wp-json\/wp\/v2\/users\/1"}],"replies":[{"embeddable":true,"href":"https:\/\/horsefind.be\/en\/wp-json\/wp\/v2\/comments?post=3"}],"version-history":[{"count":6,"href":"https:\/\/horsefind.be\/en\/wp-json\/wp\/v2\/pages\/3\/revisions"}],"predecessor-version":[{"id":670,"href":"https:\/\/horsefind.be\/en\/wp-json\/wp\/v2\/pages\/3\/revisions\/670"}],"wp:attachment":[{"href":"https:\/\/horsefind.be\/en\/wp-json\/wp\/v2\/media?parent=3"}],"curies":[{"name":"wp","href":"https:\/\/api.w.org\/{rel}","templated":true}]}}