{"id":471,"date":"2025-09-30T13:23:25","date_gmt":"2025-09-30T13:23:25","guid":{"rendered":"https:\/\/horsefind.be\/?page_id=471"},"modified":"2025-12-05T10:21:50","modified_gmt":"2025-12-05T09:21:50","slug":"contact","status":"publish","type":"page","link":"https:\/\/horsefind.be\/en\/contact\/","title":{"rendered":"Contact"},"content":{"rendered":"<div data-elementor-type=\"wp-page\" data-elementor-id=\"471\" class=\"elementor elementor-471\" data-elementor-post-type=\"page\">\n\t\t\t\t<div class=\"elementor-element elementor-element-5898ef8 e-flex e-con-boxed e-con e-parent\" data-id=\"5898ef8\" data-element_type=\"container\" data-e-type=\"container\">\n\t\t\t\t\t<div class=\"e-con-inner\">\n\t\t<div class=\"elementor-element elementor-element-6e6ce7a e-con-full e-flex e-con e-child\" data-id=\"6e6ce7a\" data-element_type=\"container\" data-e-type=\"container\" data-settings=\"{&quot;background_background&quot;:&quot;classic&quot;}\">\n\t\t\t\t<div class=\"elementor-element elementor-element-e06e87a elementor-widget elementor-widget-heading\" data-id=\"e06e87a\" data-element_type=\"widget\" data-e-type=\"widget\" data-widget_type=\"heading.default\">\n\t\t\t\t\t<h3 class=\"elementor-heading-title elementor-size-default\">Get in touch with us!<\/h3>\t\t\t\t<\/div>\n\t\t\t\t<div class=\"elementor-element elementor-element-eb782ec elementor-widget elementor-widget-spacer\" data-id=\"eb782ec\" data-element_type=\"widget\" data-e-type=\"widget\" data-widget_type=\"spacer.default\">\n\t\t\t\t\t\t\t<div class=\"elementor-spacer\">\n\t\t\t<div class=\"elementor-spacer-inner\"><\/div>\n\t\t<\/div>\n\t\t\t\t\t\t<\/div>\n\t\t\t\t<div class=\"elementor-element elementor-element-cdf7018 elementor-widget elementor-widget-text-editor\" data-id=\"cdf7018\" data-element_type=\"widget\" data-e-type=\"widget\" data-widget_type=\"text-editor.default\">\n\t\t\t\t\t\t\t\t\t<p>This site is for anyone with a heart for horses. Whether you're an amateur or professional rider, a stable owner, a breeder, working in the industry or simply a horse lover.<\/p><p><strong>Click, find, ride... and be part of HORSEFiND<\/strong>.<\/p><p>The place where supply and demand in the equestrian world meet.<\/p>\t\t\t\t\t\t\t\t<\/div>\n\t\t\t\t<\/div>\n\t\t<div class=\"elementor-element elementor-element-08a6745 e-con-full animated-slow e-flex elementor-invisible e-con e-child\" data-id=\"08a6745\" data-element_type=\"container\" data-e-type=\"container\" data-settings=\"{&quot;background_background&quot;:&quot;classic&quot;,&quot;animation&quot;:&quot;slideInRight&quot;}\">\n\t\t\t\t<div class=\"elementor-element elementor-element-c176a20 elementor-widget elementor-widget-heading\" data-id=\"c176a20\" data-element_type=\"widget\" data-e-type=\"widget\" data-widget_type=\"heading.default\">\n\t\t\t\t\t<h3 class=\"elementor-heading-title elementor-size-default\">Contact form<\/h3>\t\t\t\t<\/div>\n\t\t\t\t<div class=\"elementor-element elementor-element-8b78119 elementor-button-align-stretch elementor-widget elementor-widget-form\" data-id=\"8b78119\" data-element_type=\"widget\" data-e-type=\"widget\" data-settings=\"{&quot;step_next_label&quot;:&quot;Suivant&quot;,&quot;step_previous_label&quot;:&quot;Pr\\u00e9c\\u00e9dent&quot;,&quot;button_width&quot;:&quot;100&quot;,&quot;step_type&quot;:&quot;number_text&quot;,&quot;step_icon_shape&quot;:&quot;circle&quot;}\" data-widget_type=\"form.default\">\n\t\t\t\t\t\t\t<form class=\"elementor-form\" method=\"post\" name=\"Nouveau formulaire\" aria-label=\"New form\" action=\"\">\n\t\t\t<input type=\"hidden\" name=\"post_id\" value=\"471\"\/>\n\t\t\t<input type=\"hidden\" name=\"form_id\" value=\"8b78119\"\/>\n\t\t\t<input type=\"hidden\" name=\"referer_title\" value=\"Contact - HORSEFiND\" \/>\n\n\t\t\t\t\t\t\t<input type=\"hidden\" name=\"queried_id\" value=\"471\"\/>\n\t\t\t\n\t\t\t<div class=\"elementor-form-fields-wrapper elementor-labels-above\">\n\t\t\t\t\t\t\t\t<div class=\"elementor-field-type-text elementor-field-group elementor-column elementor-field-group-name elementor-col-50 elementor-field-required elementor-mark-required\">\n\t\t\t\t\t\t\t\t\t\t\t\t<label for=\"form-field-name\" class=\"elementor-field-label\">\n\t\t\t\t\t\t\t\tName\t\t\t\t\t\t\t<\/label>\n\t\t\t\t\t\t\t\t\t\t\t\t\t\t<input size=\"1\" type=\"text\" name=\"form_fields[name]\" id=\"form-field-name\" class=\"elementor-field elementor-size-sm  elementor-field-textual\" placeholder=\"Name\" required=\"required\">\n\t\t\t\t\t\t\t\t\t\t\t<\/div>\n\t\t\t\t\t\t\t\t<div class=\"elementor-field-type-text elementor-field-group elementor-column elementor-field-group-prenom elementor-col-50 elementor-field-required elementor-mark-required\">\n\t\t\t\t\t\t\t\t\t\t\t\t<label for=\"form-field-prenom\" class=\"elementor-field-label\">\n\t\t\t\t\t\t\t\tFirst name\t\t\t\t\t\t\t<\/label>\n\t\t\t\t\t\t\t\t\t\t\t\t\t\t<input size=\"1\" type=\"text\" name=\"form_fields[prenom]\" id=\"form-field-prenom\" class=\"elementor-field elementor-size-sm  elementor-field-textual\" placeholder=\"First name\" required=\"required\">\n\t\t\t\t\t\t\t\t\t\t\t<\/div>\n\t\t\t\t\t\t\t\t<div class=\"elementor-field-type-email elementor-field-group elementor-column elementor-field-group-email elementor-col-100 elementor-field-required elementor-mark-required\">\n\t\t\t\t\t\t\t\t\t\t\t\t<label for=\"form-field-email\" class=\"elementor-field-label\">\n\t\t\t\t\t\t\t\tE-mail\t\t\t\t\t\t\t<\/label>\n\t\t\t\t\t\t\t\t\t\t\t\t\t\t<input size=\"1\" type=\"email\" name=\"form_fields[email]\" id=\"form-field-email\" class=\"elementor-field elementor-size-sm  elementor-field-textual\" placeholder=\"E-mail\" required=\"required\">\n\t\t\t\t\t\t\t\t\t\t\t<\/div>\n\t\t\t\t\t\t\t\t<div class=\"elementor-field-type-tel elementor-field-group elementor-column elementor-field-group-telephone elementor-col-100 elementor-field-required elementor-mark-required\">\n\t\t\t\t\t\t\t\t\t\t\t\t<label for=\"form-field-telephone\" class=\"elementor-field-label\">\n\t\t\t\t\t\t\t\tTelephone\t\t\t\t\t\t\t<\/label>\n\t\t\t\t\t\t\t\t<input size=\"1\" type=\"tel\" name=\"form_fields[telephone]\" id=\"form-field-telephone\" class=\"elementor-field elementor-size-sm  elementor-field-textual\" placeholder=\"Telephone\" required=\"required\" pattern=\"[0-9()#&amp;+*-=.]+\" title=\"Only telephone number characters (#, -, *, etc.) are accepted.\">\n\n\t\t\t\t\t\t<\/div>\n\t\t\t\t\t\t\t\t<div class=\"elementor-field-type-checkbox elementor-field-group elementor-column elementor-field-group-sujet elementor-col-100\">\n\t\t\t\t\t\t\t\t\t\t\t\t<label for=\"form-field-sujet\" class=\"elementor-field-label\">\n\t\t\t\t\t\t\t\tYour subject :\t\t\t\t\t\t\t<\/label>\n\t\t\t\t\t\t<div class=\"elementor-field-subgroup  elementor-subgroup-inline\"><span class=\"elementor-field-option\"><input type=\"checkbox\" value=\"Prise de contact\" id=\"form-field-sujet-0\" name=\"form_fields[sujet][]\"> <label for=\"form-field-sujet-0\">Contact us<\/label><\/span><span class=\"elementor-field-option\"><input type=\"checkbox\" value=\"Annonces\" id=\"form-field-sujet-1\" name=\"form_fields[sujet][]\"> <label for=\"form-field-sujet-1\">Advertisements<\/label><\/span><span class=\"elementor-field-option\"><input type=\"checkbox\" value=\"Partenariat\" id=\"form-field-sujet-2\" name=\"form_fields[sujet][]\"> <label for=\"form-field-sujet-2\">Partnership<\/label><\/span><span class=\"elementor-field-option\"><input type=\"checkbox\" value=\"Chevaux &amp; poneys\" id=\"form-field-sujet-3\" name=\"form_fields[sujet][]\"> <label for=\"form-field-sujet-3\">Horses &amp; ponies<\/label><\/span><span class=\"elementor-field-option\"><input type=\"checkbox\" value=\"Etalons reproducteurs\" id=\"form-field-sujet-4\" name=\"form_fields[sujet][]\"> <label for=\"form-field-sujet-4\">Breeding stallions<\/label><\/span><span class=\"elementor-field-option\"><input type=\"checkbox\" value=\"Mat\u00e9riel\" id=\"form-field-sujet-5\" name=\"form_fields[sujet][]\"> <label for=\"form-field-sujet-5\">Equipment<\/label><\/span><span class=\"elementor-field-option\"><input type=\"checkbox\" value=\"Immobilier \u00e9questre\" id=\"form-field-sujet-6\" name=\"form_fields[sujet][]\"> <label for=\"form-field-sujet-6\">Equestrian property<\/label><\/span><span class=\"elementor-field-option\"><input type=\"checkbox\" value=\"Services &amp; Emploi \" id=\"form-field-sujet-7\" name=\"form_fields[sujet][]\"> <label for=\"form-field-sujet-7\">Services &amp; Employment <\/label><\/span><span class=\"elementor-field-option\"><input type=\"checkbox\" value=\"Ev\u00e9nement\" id=\"form-field-sujet-8\" name=\"form_fields[sujet][]\"> <label for=\"form-field-sujet-8\">Event<\/label><\/span><\/div>\t\t\t\t<\/div>\n\t\t\t\t\t\t\t\t<div class=\"elementor-field-type-textarea elementor-field-group elementor-column elementor-field-group-message elementor-col-100 elementor-field-required elementor-mark-required\">\n\t\t\t\t\t\t\t\t\t\t\t\t<label for=\"form-field-message\" class=\"elementor-field-label\">\n\t\t\t\t\t\t\t\tMessage\t\t\t\t\t\t\t<\/label>\n\t\t\t\t\t\t<textarea class=\"elementor-field-textual elementor-field  elementor-size-sm\" name=\"form_fields[message]\" id=\"form-field-message\" rows=\"4\" placeholder=\"Message\" required=\"required\"><\/textarea>\t\t\t\t<\/div>\n\t\t\t\t\t\t\t\t<div class=\"elementor-field-group elementor-column elementor-field-type-submit elementor-col-100 e-form__buttons\">\n\t\t\t\t\t<button class=\"elementor-button elementor-size-sm\" type=\"submit\">\n\t\t\t\t\t\t<span class=\"elementor-button-content-wrapper\">\n\t\t\t\t\t\t\t\t\t\t\t\t\t\t\t\t\t\t\t\t\t\t<span class=\"elementor-button-text\">Send<\/span>\n\t\t\t\t\t\t\t\t\t\t\t\t\t<\/span>\n\t\t\t\t\t<\/button>\n\t\t\t\t<\/div>\n\t\t\t<\/div>\n\t\t<input type=\"hidden\" name=\"trp-form-language\" value=\"en\"\/><\/form>\n\t\t\t\t\t\t<\/div>\n\t\t\t\t<\/div>\n\t\t\t\t\t<\/div>\n\t\t\t\t<\/div>\n\t\t\t\t<\/div>","protected":false},"excerpt":{"rendered":"<p>Contact us now! This site is for anyone with a heart for horses. Whether you're an amateur or professional rider, a stable owner, a breeder, active in the industry or simply a horse lover. Click, find, ride... and be part of HORSEFiND. The place where supply and demand in the equestrian world meet. Contact form<\/p>","protected":false},"author":1,"featured_media":0,"parent":0,"menu_order":0,"comment_status":"closed","ping_status":"closed","template":"","meta":{"footnotes":""},"class_list":["post-471","page","type-page","status-publish","hentry"],"yoast_head":"<!-- This site is optimized with the Yoast SEO plugin v27.0 - https:\/\/yoast.com\/product\/yoast-seo-wordpress\/ -->\n<title>Contact - HORSEFiND<\/title>\n<meta name=\"robots\" content=\"index, follow, max-snippet:-1, max-image-preview:large, max-video-preview:-1\" \/>\n<link rel=\"canonical\" href=\"https:\/\/horsefind.be\/en\/contact\/\" \/>\n<meta property=\"og:locale\" content=\"en_GB\" \/>\n<meta property=\"og:type\" content=\"article\" \/>\n<meta property=\"og:title\" content=\"Contact - HORSEFiND\" \/>\n<meta property=\"og:description\" content=\"Contactez-nous ! Ce site s\u2019adresse \u00e0 tous ceux qui ont le c\u0153ur cheval. Que vous soyez cavalier amateur ou professionnel, propri\u00e9taire d\u2019\u00e9curie, \u00e9leveur, actif dans le secteur ou simplement amoureux des chevaux. Cliquez, trouvez, chevauchez\u2026 et faites partie de HORSEFiND. Le lieu o\u00f9 l\u2019offre et la demande du monde \u00e9questre se rencontrent. Formulaire de contact\" \/>\n<meta property=\"og:url\" content=\"https:\/\/horsefind.be\/en\/contact\/\" \/>\n<meta property=\"og:site_name\" content=\"HORSEFiND\" \/>\n<meta property=\"article:publisher\" content=\"https:\/\/www.facebook.com\/horsefind\" \/>\n<meta property=\"article:modified_time\" content=\"2025-12-05T09:21:50+00:00\" \/>\n<meta name=\"twitter:card\" content=\"summary_large_image\" \/>\n<meta name=\"twitter:label1\" content=\"Estimated reading time\" \/>\n\t<meta name=\"twitter:data1\" content=\"1 minute\" \/>\n<script type=\"application\/ld+json\" class=\"yoast-schema-graph\">{\"@context\":\"https:\/\/schema.org\",\"@graph\":[{\"@type\":\"WebPage\",\"@id\":\"https:\/\/horsefind.be\/contact\/\",\"url\":\"https:\/\/horsefind.be\/contact\/\",\"name\":\"Contact - HORSEFiND\",\"isPartOf\":{\"@id\":\"https:\/\/horsefind.be\/#website\"},\"datePublished\":\"2025-09-30T13:23:25+00:00\",\"dateModified\":\"2025-12-05T09:21:50+00:00\",\"breadcrumb\":{\"@id\":\"https:\/\/horsefind.be\/contact\/#breadcrumb\"},\"inLanguage\":\"en-GB\",\"potentialAction\":[{\"@type\":\"ReadAction\",\"target\":[\"https:\/\/horsefind.be\/contact\/\"]}]},{\"@type\":\"BreadcrumbList\",\"@id\":\"https:\/\/horsefind.be\/contact\/#breadcrumb\",\"itemListElement\":[{\"@type\":\"ListItem\",\"position\":1,\"name\":\"Accueil\",\"item\":\"https:\/\/horsefind.be\/\"},{\"@type\":\"ListItem\",\"position\":2,\"name\":\"Contact\"}]},{\"@type\":\"WebSite\",\"@id\":\"https:\/\/horsefind.be\/#website\",\"url\":\"https:\/\/horsefind.be\/\",\"name\":\"HORSEFiND\",\"description\":\"Tout pour les chevaux, avec le petit point sur le i\",\"publisher\":{\"@id\":\"https:\/\/horsefind.be\/#organization\"},\"potentialAction\":[{\"@type\":\"SearchAction\",\"target\":{\"@type\":\"EntryPoint\",\"urlTemplate\":\"https:\/\/horsefind.be\/?s={search_term_string}\"},\"query-input\":{\"@type\":\"PropertyValueSpecification\",\"valueRequired\":true,\"valueName\":\"search_term_string\"}}],\"inLanguage\":\"en-GB\"},{\"@type\":\"Organization\",\"@id\":\"https:\/\/horsefind.be\/#organization\",\"name\":\"HORSEFiND\",\"url\":\"https:\/\/horsefind.be\/\",\"logo\":{\"@type\":\"ImageObject\",\"inLanguage\":\"en-GB\",\"@id\":\"https:\/\/horsefind.be\/#\/schema\/logo\/image\/\",\"url\":\"https:\/\/horsefind.be\/wp-content\/uploads\/2025\/09\/cropped-Logo-Nieuw.png\",\"contentUrl\":\"https:\/\/horsefind.be\/wp-content\/uploads\/2025\/09\/cropped-Logo-Nieuw.png\",\"width\":778,\"height\":774,\"caption\":\"HORSEFiND\"},\"image\":{\"@id\":\"https:\/\/horsefind.be\/#\/schema\/logo\/image\/\"},\"sameAs\":[\"https:\/\/www.facebook.com\/horsefind\",\"https:\/\/www.instagram.com\/horsefind\"]}]}<\/script>\n<!-- \/ Yoast SEO plugin. -->","yoast_head_json":{"title":"Contact - HORSEFiND","robots":{"index":"index","follow":"follow","max-snippet":"max-snippet:-1","max-image-preview":"max-image-preview:large","max-video-preview":"max-video-preview:-1"},"canonical":"https:\/\/horsefind.be\/en\/contact\/","og_locale":"en_GB","og_type":"article","og_title":"Contact - HORSEFiND","og_description":"Contactez-nous ! Ce site s\u2019adresse \u00e0 tous ceux qui ont le c\u0153ur cheval. Que vous soyez cavalier amateur ou professionnel, propri\u00e9taire d\u2019\u00e9curie, \u00e9leveur, actif dans le secteur ou simplement amoureux des chevaux. Cliquez, trouvez, chevauchez\u2026 et faites partie de HORSEFiND. Le lieu o\u00f9 l\u2019offre et la demande du monde \u00e9questre se rencontrent. Formulaire de contact","og_url":"https:\/\/horsefind.be\/en\/contact\/","og_site_name":"HORSEFiND","article_publisher":"https:\/\/www.facebook.com\/horsefind","article_modified_time":"2025-12-05T09:21:50+00:00","twitter_card":"summary_large_image","twitter_misc":{"Estimated reading time":"1 minute"},"schema":{"@context":"https:\/\/schema.org","@graph":[{"@type":"WebPage","@id":"https:\/\/horsefind.be\/contact\/","url":"https:\/\/horsefind.be\/contact\/","name":"Contact - HORSEFiND","isPartOf":{"@id":"https:\/\/horsefind.be\/#website"},"datePublished":"2025-09-30T13:23:25+00:00","dateModified":"2025-12-05T09:21:50+00:00","breadcrumb":{"@id":"https:\/\/horsefind.be\/contact\/#breadcrumb"},"inLanguage":"en-GB","potentialAction":[{"@type":"ReadAction","target":["https:\/\/horsefind.be\/contact\/"]}]},{"@type":"BreadcrumbList","@id":"https:\/\/horsefind.be\/contact\/#breadcrumb","itemListElement":[{"@type":"ListItem","position":1,"name":"Accueil","item":"https:\/\/horsefind.be\/"},{"@type":"ListItem","position":2,"name":"Contact"}]},{"@type":"WebSite","@id":"https:\/\/horsefind.be\/#website","url":"https:\/\/horsefind.be\/","name":"HORSEFiND","description":"Everything for horses, with the small dot over the i","publisher":{"@id":"https:\/\/horsefind.be\/#organization"},"potentialAction":[{"@type":"SearchAction","target":{"@type":"EntryPoint","urlTemplate":"https:\/\/horsefind.be\/?s={search_term_string}"},"query-input":{"@type":"PropertyValueSpecification","valueRequired":true,"valueName":"search_term_string"}}],"inLanguage":"en-GB"},{"@type":"Organization","@id":"https:\/\/horsefind.be\/#organization","name":"HORSEFiND","url":"https:\/\/horsefind.be\/","logo":{"@type":"ImageObject","inLanguage":"en-GB","@id":"https:\/\/horsefind.be\/#\/schema\/logo\/image\/","url":"https:\/\/horsefind.be\/wp-content\/uploads\/2025\/09\/cropped-Logo-Nieuw.png","contentUrl":"https:\/\/horsefind.be\/wp-content\/uploads\/2025\/09\/cropped-Logo-Nieuw.png","width":778,"height":774,"caption":"HORSEFiND"},"image":{"@id":"https:\/\/horsefind.be\/#\/schema\/logo\/image\/"},"sameAs":["https:\/\/www.facebook.com\/horsefind","https:\/\/www.instagram.com\/horsefind"]}]}},"_links":{"self":[{"href":"https:\/\/horsefind.be\/en\/wp-json\/wp\/v2\/pages\/471","targetHints":{"allow":["GET"]}}],"collection":[{"href":"https:\/\/horsefind.be\/en\/wp-json\/wp\/v2\/pages"}],"about":[{"href":"https:\/\/horsefind.be\/en\/wp-json\/wp\/v2\/types\/page"}],"author":[{"embeddable":true,"href":"https:\/\/horsefind.be\/en\/wp-json\/wp\/v2\/users\/1"}],"replies":[{"embeddable":true,"href":"https:\/\/horsefind.be\/en\/wp-json\/wp\/v2\/comments?post=471"}],"version-history":[{"count":19,"href":"https:\/\/horsefind.be\/en\/wp-json\/wp\/v2\/pages\/471\/revisions"}],"predecessor-version":[{"id":1195,"href":"https:\/\/horsefind.be\/en\/wp-json\/wp\/v2\/pages\/471\/revisions\/1195"}],"wp:attachment":[{"href":"https:\/\/horsefind.be\/en\/wp-json\/wp\/v2\/media?parent=471"}],"curies":[{"name":"wp","href":"https:\/\/api.w.org\/{rel}","templated":true}]}}