{"id":3,"date":"2025-09-22T12:17:21","date_gmt":"2025-09-22T12:17:21","guid":{"rendered":"https:\/\/horsefind.be\/?page_id=3"},"modified":"2025-10-02T10:21:09","modified_gmt":"2025-10-02T10:21:09","slug":"privacy-policy","status":"publish","type":"page","link":"https:\/\/horsefind.be\/nl\/privacy-policy\/","title":{"rendered":"Privacybeleid"},"content":{"rendered":"<div data-elementor-type=\"wp-page\" data-elementor-id=\"3\" class=\"elementor elementor-3\" data-elementor-post-type=\"page\">\n\t\t\t\t<div class=\"elementor-element elementor-element-6c70cbe4 e-flex e-con-boxed e-con e-parent\" data-id=\"6c70cbe4\" data-element_type=\"container\" data-e-type=\"container\">\n\t\t\t\t\t<div class=\"e-con-inner\">\n\t\t\t\t<div class=\"elementor-element elementor-element-8b72d51 elementor-widget elementor-widget-heading\" data-id=\"8b72d51\" data-element_type=\"widget\" data-e-type=\"widget\" data-widget_type=\"heading.default\">\n\t\t\t\t\t<h2 class=\"elementor-heading-title elementor-size-default\">Juridische informatie<\/h2>\t\t\t\t<\/div>\n\t\t\t\t<div class=\"elementor-element elementor-element-1623a3be elementor-widget elementor-widget-text-editor\" data-id=\"1623a3be\" data-element_type=\"widget\" data-e-type=\"widget\" data-widget_type=\"text-editor.default\">\n\t\t\t\t\t\t\t\t\t<p><strong>Identiteit<\/strong><\/p>\n<p>De website\u00a0<strong>HORSEFiND.be <\/strong>(hierna de \"Site\" genoemd) wordt beheerd door HORSEFIND, met maatschappelijke zetel te Rue Kwade 26, 7850 Enghien, Belgi\u00eb, ingeschreven in het handelsregister onder nummer BE 0834 696 282.<\/p>\n<p>Juridisch vertegenwoordiger: Yannah Decleir<\/p>\n<p>Intracommunautair BTW-nummer: BE 0834 696 282<\/p>\n<p><b>Contact<\/b><\/p>\n<p>Onze afdeling klantenrelaties is bereikbaar via ons contactformulier of rechtstreeks via e-mail op <a href=\"mailto:info@horsefind.be\">info@horsefind.be<\/a><\/p>\n<p><b>Gastheer<\/b><\/p>\n<p>De site wordt gehost door :<\/p>\n<p><a href=\"https:\/\/websilver.be\">WEBSILVER<\/a> - Beyond Dreams SRL bedrijfsentiteit<\/p>\t\t\t\t\t\t\t\t<\/div>\n\t\t\t\t<div class=\"elementor-element elementor-element-7c7e538 elementor-widget elementor-widget-heading\" data-id=\"7c7e538\" data-element_type=\"widget\" data-e-type=\"widget\" data-widget_type=\"heading.default\">\n\t\t\t\t\t<h2 class=\"elementor-heading-title elementor-size-default\">Privacybeleid<\/h2>\t\t\t\t<\/div>\n\t\t\t\t<div class=\"elementor-element elementor-element-1d59949 elementor-widget elementor-widget-text-editor\" data-id=\"1d59949\" data-element_type=\"widget\" data-e-type=\"widget\" data-widget_type=\"text-editor.default\">\n\t\t\t\t\t\t\t\t\t<p>Dit gegevensbeschermingsbeleid is van toepassing op alle diensten van HORSEFiND, waarvan de maatschappelijke zetel gevestigd is in de Kwadestraat 26, 7850 Enghien, Belgi\u00eb; dit beleid vertelt u hoe uw persoonsgegevens door HORSEFiND worden verwerkt.<\/p>\n<p>De verwerkingen zijn onderworpen aan de Belgische wetgeving inzake de bescherming van persoonsgegevens, namelijk onder meer de wet van 30 juli 2018 betreffende de bescherming van natuurlijke personen in verband met de verwerking van persoonsgegevens en Verordening (EU) 2016\/679 van het Europees Parlement en de Raad van 27 april 2016 betreffende de bescherming van natuurlijke personen in verband met de verwerking van persoonsgegevens en betreffende het vrije verkeer van die gegevens (of \"GDPR\").<\/p>\n<p><b><u>Doel van de verwerking<\/u><\/b><\/p>\n<p>1.HORSEFiND heeft een website die haar activiteiten als dienstverlener presenteert.<\/p>\n<p>Deze site maakt gebruik van een online contactformulier om verzoeken van internetgebruikers te ontvangen en de gegevens die op deze manier worden verzameld, worden opgenomen in een bestand van potenti\u00eble klanten.<\/p>\n<p>Met dit bestand kan :<\/p>\n<p>Reageren op verzoeken om informatie die op de website zijn geplaatst.<br \/>Om advertenties per e-mail of post te sturen naar potenti\u00eble klanten die daar geen bezwaar tegen hebben gemaakt, over producten en\/of diensten die door ons bedrijf op de markt worden gebracht.<br \/>2. HORSEFiND houdt een Klantenbestand bij ten behoeve van het beheer van offertes, contracten (inclusief de uitvoering daarvan) met Klanten.<\/p>\n<p><b><u>Wettelijke basis voor verwerking<\/u><\/b><\/p>\n<p>- Uitbrengen van offertes, aanbiedingen en beheer van contracten: de rechtsgrondslag voor de verwerking is de uitvoering van contracten en precontractuele maatregelen (Cf. artikel 6.1.b van de RGPD).<\/p>\n<p>- De rechtsgrondslag voor de verwerking is het legitieme belang van het bedrijf (Cf. artikel 6.1.f) van de RGPD), d.w.z. het promoten van onze producten en diensten en het aantrekken van nieuwe klanten.<\/p>\n<p><u><b>Gegevenscategorie\u00ebn<\/b><\/u><\/p>\n<p>- Identiteit: titel, achternaam, voornaam, e-mailadres, adres, telefoonnummer.<\/p>\n<p>- Gegevens met betrekking tot commerci\u00eble aanbiedingen en contracten<\/p>\n<p><b><u>Ontvangers van gegevens<\/u><\/b><\/p>\n<p>Het personeel van HORSEFiND en bepaalde onderaannemers (secretaresses, grafisch ontwerpers, projectmanagers, webmanagers, enz.) zijn ontvangers van alle of sommige categorie\u00ebn van gegevens.<\/p>\n<p><b><u>Bewaartermijn gegevens<\/u><\/b><\/p>\n<p>- Gegevens nodig voor het uitbrengen van offertes: twee (2) jaar als de offerte geen vervolg krijgt; als de offerte resulteert in een order, worden de gegevens overgedragen naar het klantenbestand van ons bedrijf.<\/p>\n<p>- Gegevens die nodig zijn voor commerci\u00eble prospectie bij onze potenti\u00eble klanten: drie (3) jaar vanaf de datum waarop de gegevens zijn verzameld of vanaf het laatste contact met de potenti\u00eble klant.<\/p>\n<p>- Gegevens over opt-out-lijsten: drie (3) jaar.<\/p>\n<p><b><u>Uw rechten<\/u><\/b><\/p>\n<p>Als u niet langer reclame van HORSEFiND wenst te ontvangen (gebruik maken van uw recht op bezwaar), neem dan contact met ons op via onderstaande gegevens.<\/p>\n<p>U kunt uw persoonlijke gegevens inzien, corrigeren of verwijderen in overeenstemming met de wet. U hebt ook het recht op overdraagbaarheid en het recht om de verwerking van uw gegevens te beperken (zie de website\u00a0<a href=\"https:\/\/autoriteprotectiondonnees.be\/\" target=\"_blank\" rel=\"noopener\">autoriteprotectiondonnees.be<\/a>\u00a0voor meer informatie over uw rechten).<\/p>\n<p>Om deze rechten uit te oefenen of als u vragen hebt over de verwerking van uw gegevens onder deze regeling, kunt u contact met ons opnemen:<\/p>\n<p>- Elektronisch:\u00a0<\/p>\n<p><a href=\"mailto:info@horsefind.be\">info@horsefind.be<\/a><\/p>\n<p>- Per post:<\/p>\n<p>HORSEFiND<\/p>\n<p>Kwadestraat 26<\/p>\n<p>7850 Enghien<\/p>\n<p>Belgi\u00eb<\/p>\n<p>Als u na contact met HORSEFiND van mening bent dat uw rechten met betrekking tot de bescherming van uw persoonsgegevens niet zijn gerespecteerd, kunt u online een klacht indienen bij de Autoriteit Persoonsgegevens.<\/p>\t\t\t\t\t\t\t\t<\/div>\n\t\t\t\t\t<\/div>\n\t\t\t\t<\/div>\n\t\t\t\t<\/div>","protected":false},"excerpt":{"rendered":"<p>Mentions L\u00e9gales Identit\u00e9 Le site\u00a0HORSEFiND.be (ci-apr\u00e8s d\u00e9nomm\u00e9 le \u201csite\u201d) est exploit\u00e9 par HORSEFIND dont le si\u00e8ge social est situ\u00e9 Rue Kwade 26 \u00e0 7850 Enghien, Belgique immatricul\u00e9e au registre du commerce sous le num\u00e9ro BE 0834 696 282 Repr\u00e9sentant l\u00e9gal : Yannah Decleir Num\u00e9ro de T.V.A intra communautaire : BE 0834 696 282 Contact Notre [&hellip;]<\/p>","protected":false},"author":1,"featured_media":0,"parent":0,"menu_order":0,"comment_status":"closed","ping_status":"open","template":"","meta":{"footnotes":""},"class_list":["post-3","page","type-page","status-publish","hentry"],"yoast_head":"<!-- This site is optimized with the Yoast SEO plugin v27.0 - https:\/\/yoast.com\/product\/yoast-seo-wordpress\/ -->\n<title>Politique de confidentialit\u00e9 - HORSEFiND<\/title>\n<meta name=\"robots\" content=\"index, follow, max-snippet:-1, max-image-preview:large, max-video-preview:-1\" \/>\n<link rel=\"canonical\" href=\"https:\/\/horsefind.be\/nl\/privacy-policy\/\" \/>\n<meta property=\"og:locale\" content=\"nl_BE\" \/>\n<meta property=\"og:type\" content=\"article\" \/>\n<meta property=\"og:title\" content=\"Politique de confidentialit\u00e9 - HORSEFiND\" \/>\n<meta property=\"og:description\" content=\"Mentions L\u00e9gales Identit\u00e9 Le site\u00a0HORSEFiND.be (ci-apr\u00e8s d\u00e9nomm\u00e9 le \u201csite\u201d) est exploit\u00e9 par HORSEFIND dont le si\u00e8ge social est situ\u00e9 Rue Kwade 26 \u00e0 7850 Enghien, Belgique immatricul\u00e9e au registre du commerce sous le num\u00e9ro BE 0834 696 282 Repr\u00e9sentant l\u00e9gal : Yannah Decleir Num\u00e9ro de T.V.A intra communautaire : BE 0834 696 282 Contact Notre [&hellip;]\" \/>\n<meta property=\"og:url\" content=\"https:\/\/horsefind.be\/nl\/privacy-policy\/\" \/>\n<meta property=\"og:site_name\" content=\"HORSEFiND\" \/>\n<meta property=\"article:publisher\" content=\"https:\/\/www.facebook.com\/horsefind\" \/>\n<meta property=\"article:modified_time\" content=\"2025-10-02T10:21:09+00:00\" \/>\n<meta name=\"twitter:card\" content=\"summary_large_image\" \/>\n<meta name=\"twitter:label1\" content=\"Geschatte leestijd\" \/>\n\t<meta name=\"twitter:data1\" content=\"4 minuten\" \/>\n<script type=\"application\/ld+json\" class=\"yoast-schema-graph\">{\"@context\":\"https:\/\/schema.org\",\"@graph\":[{\"@type\":\"WebPage\",\"@id\":\"https:\/\/horsefind.be\/privacy-policy\/\",\"url\":\"https:\/\/horsefind.be\/privacy-policy\/\",\"name\":\"Politique de confidentialit\u00e9 - HORSEFiND\",\"isPartOf\":{\"@id\":\"https:\/\/horsefind.be\/#website\"},\"datePublished\":\"2025-09-22T12:17:21+00:00\",\"dateModified\":\"2025-10-02T10:21:09+00:00\",\"breadcrumb\":{\"@id\":\"https:\/\/horsefind.be\/privacy-policy\/#breadcrumb\"},\"inLanguage\":\"nl-BE\",\"potentialAction\":[{\"@type\":\"ReadAction\",\"target\":[\"https:\/\/horsefind.be\/privacy-policy\/\"]}]},{\"@type\":\"BreadcrumbList\",\"@id\":\"https:\/\/horsefind.be\/privacy-policy\/#breadcrumb\",\"itemListElement\":[{\"@type\":\"ListItem\",\"position\":1,\"name\":\"Accueil\",\"item\":\"https:\/\/horsefind.be\/\"},{\"@type\":\"ListItem\",\"position\":2,\"name\":\"Politique de confidentialit\u00e9\"}]},{\"@type\":\"WebSite\",\"@id\":\"https:\/\/horsefind.be\/#website\",\"url\":\"https:\/\/horsefind.be\/\",\"name\":\"HORSEFiND\",\"description\":\"Tout pour les chevaux, avec le petit point sur le i\",\"publisher\":{\"@id\":\"https:\/\/horsefind.be\/#organization\"},\"potentialAction\":[{\"@type\":\"SearchAction\",\"target\":{\"@type\":\"EntryPoint\",\"urlTemplate\":\"https:\/\/horsefind.be\/?s={search_term_string}\"},\"query-input\":{\"@type\":\"PropertyValueSpecification\",\"valueRequired\":true,\"valueName\":\"search_term_string\"}}],\"inLanguage\":\"nl-BE\"},{\"@type\":\"Organization\",\"@id\":\"https:\/\/horsefind.be\/#organization\",\"name\":\"HORSEFiND\",\"url\":\"https:\/\/horsefind.be\/\",\"logo\":{\"@type\":\"ImageObject\",\"inLanguage\":\"nl-BE\",\"@id\":\"https:\/\/horsefind.be\/#\/schema\/logo\/image\/\",\"url\":\"https:\/\/horsefind.be\/wp-content\/uploads\/2025\/09\/cropped-Logo-Nieuw.png\",\"contentUrl\":\"https:\/\/horsefind.be\/wp-content\/uploads\/2025\/09\/cropped-Logo-Nieuw.png\",\"width\":778,\"height\":774,\"caption\":\"HORSEFiND\"},\"image\":{\"@id\":\"https:\/\/horsefind.be\/#\/schema\/logo\/image\/\"},\"sameAs\":[\"https:\/\/www.facebook.com\/horsefind\",\"https:\/\/www.instagram.com\/horsefind\"]}]}<\/script>\n<!-- \/ Yoast SEO plugin. -->","yoast_head_json":{"title":"Politique de confidentialit\u00e9 - HORSEFiND","robots":{"index":"index","follow":"follow","max-snippet":"max-snippet:-1","max-image-preview":"max-image-preview:large","max-video-preview":"max-video-preview:-1"},"canonical":"https:\/\/horsefind.be\/nl\/privacy-policy\/","og_locale":"nl_BE","og_type":"article","og_title":"Politique de confidentialit\u00e9 - HORSEFiND","og_description":"Mentions L\u00e9gales Identit\u00e9 Le site\u00a0HORSEFiND.be (ci-apr\u00e8s d\u00e9nomm\u00e9 le \u201csite\u201d) est exploit\u00e9 par HORSEFIND dont le si\u00e8ge social est situ\u00e9 Rue Kwade 26 \u00e0 7850 Enghien, Belgique immatricul\u00e9e au registre du commerce sous le num\u00e9ro BE 0834 696 282 Repr\u00e9sentant l\u00e9gal : Yannah Decleir Num\u00e9ro de T.V.A intra communautaire : BE 0834 696 282 Contact Notre [&hellip;]","og_url":"https:\/\/horsefind.be\/nl\/privacy-policy\/","og_site_name":"HORSEFiND","article_publisher":"https:\/\/www.facebook.com\/horsefind","article_modified_time":"2025-10-02T10:21:09+00:00","twitter_card":"summary_large_image","twitter_misc":{"Geschatte leestijd":"4 minuten"},"schema":{"@context":"https:\/\/schema.org","@graph":[{"@type":"WebPage","@id":"https:\/\/horsefind.be\/privacy-policy\/","url":"https:\/\/horsefind.be\/privacy-policy\/","name":"Politique de confidentialit\u00e9 - HORSEFiND","isPartOf":{"@id":"https:\/\/horsefind.be\/#website"},"datePublished":"2025-09-22T12:17:21+00:00","dateModified":"2025-10-02T10:21:09+00:00","breadcrumb":{"@id":"https:\/\/horsefind.be\/privacy-policy\/#breadcrumb"},"inLanguage":"nl-BE","potentialAction":[{"@type":"ReadAction","target":["https:\/\/horsefind.be\/privacy-policy\/"]}]},{"@type":"BreadcrumbList","@id":"https:\/\/horsefind.be\/privacy-policy\/#breadcrumb","itemListElement":[{"@type":"ListItem","position":1,"name":"Accueil","item":"https:\/\/horsefind.be\/"},{"@type":"ListItem","position":2,"name":"Politique de confidentialit\u00e9"}]},{"@type":"WebSite","@id":"https:\/\/horsefind.be\/#website","url":"https:\/\/horsefind.be\/","name":"HORSEFiND","description":"Alles voor paarden, met het kleine puntje over de i","publisher":{"@id":"https:\/\/horsefind.be\/#organization"},"potentialAction":[{"@type":"SearchAction","target":{"@type":"EntryPoint","urlTemplate":"https:\/\/horsefind.be\/?s={search_term_string}"},"query-input":{"@type":"PropertyValueSpecification","valueRequired":true,"valueName":"search_term_string"}}],"inLanguage":"nl-BE"},{"@type":"Organization","@id":"https:\/\/horsefind.be\/#organization","name":"HORSEFiND","url":"https:\/\/horsefind.be\/","logo":{"@type":"ImageObject","inLanguage":"nl-BE","@id":"https:\/\/horsefind.be\/#\/schema\/logo\/image\/","url":"https:\/\/horsefind.be\/wp-content\/uploads\/2025\/09\/cropped-Logo-Nieuw.png","contentUrl":"https:\/\/horsefind.be\/wp-content\/uploads\/2025\/09\/cropped-Logo-Nieuw.png","width":778,"height":774,"caption":"HORSEFiND"},"image":{"@id":"https:\/\/horsefind.be\/#\/schema\/logo\/image\/"},"sameAs":["https:\/\/www.facebook.com\/horsefind","https:\/\/www.instagram.com\/horsefind"]}]}},"_links":{"self":[{"href":"https:\/\/horsefind.be\/nl\/wp-json\/wp\/v2\/pages\/3","targetHints":{"allow":["GET"]}}],"collection":[{"href":"https:\/\/horsefind.be\/nl\/wp-json\/wp\/v2\/pages"}],"about":[{"href":"https:\/\/horsefind.be\/nl\/wp-json\/wp\/v2\/types\/page"}],"author":[{"embeddable":true,"href":"https:\/\/horsefind.be\/nl\/wp-json\/wp\/v2\/users\/1"}],"replies":[{"embeddable":true,"href":"https:\/\/horsefind.be\/nl\/wp-json\/wp\/v2\/comments?post=3"}],"version-history":[{"count":6,"href":"https:\/\/horsefind.be\/nl\/wp-json\/wp\/v2\/pages\/3\/revisions"}],"predecessor-version":[{"id":670,"href":"https:\/\/horsefind.be\/nl\/wp-json\/wp\/v2\/pages\/3\/revisions\/670"}],"wp:attachment":[{"href":"https:\/\/horsefind.be\/nl\/wp-json\/wp\/v2\/media?parent=3"}],"curies":[{"name":"wp","href":"https:\/\/api.w.org\/{rel}","templated":true}]}}